{"id":1077,"date":"2022-08-28T06:10:01","date_gmt":"2022-08-28T06:10:01","guid":{"rendered":"https:\/\/nordicdesign.fi\/?page_id=1077"},"modified":"2025-10-24T19:46:24","modified_gmt":"2025-10-24T17:46:24","slug":"showroom","status":"publish","type":"page","link":"https:\/\/nordicdesign.fi\/?page_id=1077","title":{"rendered":"SHOWROOM"},"content":{"rendered":"\n<p>Our office and showroom locates in <a href=\"https:\/\/fashioncenter.fi\/home\/\" target=\"_blank\" rel=\"noreferrer noopener\">Fashion Center<\/a>. Close to Helsinki-Vantaa airport and easy access from Helsinki City center. <br><br><strong>Contact<\/strong><br>info@nordicdesign.fi<\/p>\n\n\n\n<p><strong>Accommodation<\/strong><br><a rel=\"noreferrer noopener\" href=\"https:\/\/www.nordicchoicehotels.com\/hotels\/finland\/vanda-airport\/clarion-hotel-aviapolis\/?_ga=2.269114609.1035656410.1661665849-880189822.1661665849&amp;_gac=1.217261730.1661665937.EAIaIQobChMIzviV9uvo-QIVuAqiAx1VBg_7EAAYASAAEgJYOvD_BwE\" target=\"_blank\">Clarion Hotel Helsinki<\/a> \u2013 Fashion Center\u2019s partner in accommodation.<\/p>\n\n\n\n<p>Toimistomme ja n\u00e4yttelytilamme sijaitsevat Fashion Centeriss\u00e4 Vantaalla. Fashion Center on hyvien <a rel=\"noreferrer noopener\" href=\"https:\/\/fashioncenter.fi\/yhteystiedot\/\" target=\"_blank\">kulkuyhteyksien p\u00e4\u00e4ss\u00e4<\/a>.<\/p>\n\n\n\n<p>Tiloissamme on erinomainen mahdollisuus tutustua tuotteisiimme, olet l\u00e4mpim\u00e4sti tervetullut!<br><\/p>\n\n\n\n<figure class=\"wp-block-gallery has-nested-images columns-default is-cropped wp-block-gallery-1 is-layout-flex wp-block-gallery-is-layout-flex\">\n<figure class=\"wp-block-image size-large\"><img loading=\"lazy\" decoding=\"async\" width=\"768\" height=\"1024\" data-id=\"1079\" src=\"https:\/\/nordicdesign.fi\/wp-content\/uploads\/2022\/08\/20220827_142807-1-768x1024.jpg\" alt=\"\" class=\"wp-image-1079\" srcset=\"https:\/\/nordicdesign.fi\/wp-content\/uploads\/2022\/08\/20220827_142807-1-768x1024.jpg 768w, https:\/\/nordicdesign.fi\/wp-content\/uploads\/2022\/08\/20220827_142807-1-225x300.jpg 225w, https:\/\/nordicdesign.fi\/wp-content\/uploads\/2022\/08\/20220827_142807-1-1152x1536.jpg 1152w, https:\/\/nordicdesign.fi\/wp-content\/uploads\/2022\/08\/20220827_142807-1-1536x2048.jpg 1536w, https:\/\/nordicdesign.fi\/wp-content\/uploads\/2022\/08\/20220827_142807-1-scaled.jpg 1920w\" sizes=\"auto, (max-width: 768px) 100vw, 768px\" \/><\/figure>\n\n\n\n<figure class=\"wp-block-image size-large\"><img loading=\"lazy\" decoding=\"async\" width=\"768\" height=\"1024\" data-id=\"1080\" src=\"https:\/\/nordicdesign.fi\/wp-content\/uploads\/2022\/08\/20220827_142947-1-768x1024.jpg\" alt=\"\" class=\"wp-image-1080\" srcset=\"https:\/\/nordicdesign.fi\/wp-content\/uploads\/2022\/08\/20220827_142947-1-768x1024.jpg 768w, https:\/\/nordicdesign.fi\/wp-content\/uploads\/2022\/08\/20220827_142947-1-225x300.jpg 225w, https:\/\/nordicdesign.fi\/wp-content\/uploads\/2022\/08\/20220827_142947-1-1152x1536.jpg 1152w, https:\/\/nordicdesign.fi\/wp-content\/uploads\/2022\/08\/20220827_142947-1-1536x2048.jpg 1536w, https:\/\/nordicdesign.fi\/wp-content\/uploads\/2022\/08\/20220827_142947-1-scaled.jpg 1920w\" sizes=\"auto, (max-width: 768px) 100vw, 768px\" \/><\/figure>\n\n\n\n<figure class=\"wp-block-image size-large\"><img loading=\"lazy\" decoding=\"async\" width=\"768\" height=\"1024\" data-id=\"1078\" src=\"https:\/\/nordicdesign.fi\/wp-content\/uploads\/2022\/08\/20220814_101936-1-768x1024.jpg\" alt=\"\" class=\"wp-image-1078\" srcset=\"https:\/\/nordicdesign.fi\/wp-content\/uploads\/2022\/08\/20220814_101936-1-768x1024.jpg 768w, https:\/\/nordicdesign.fi\/wp-content\/uploads\/2022\/08\/20220814_101936-1-225x300.jpg 225w, https:\/\/nordicdesign.fi\/wp-content\/uploads\/2022\/08\/20220814_101936-1-1152x1536.jpg 1152w, https:\/\/nordicdesign.fi\/wp-content\/uploads\/2022\/08\/20220814_101936-1-1536x2048.jpg 1536w, https:\/\/nordicdesign.fi\/wp-content\/uploads\/2022\/08\/20220814_101936-1-scaled.jpg 1920w\" sizes=\"auto, (max-width: 768px) 100vw, 768px\" \/><\/figure>\n<\/figure>\n\n\n\n<figure class=\"wp-block-image size-large\"><img loading=\"lazy\" decoding=\"async\" width=\"1024\" height=\"641\" src=\"https:\/\/nordicdesign.fi\/wp-content\/uploads\/2023\/02\/20230202_102242-1024x641.jpg\" alt=\"\" class=\"wp-image-1483\" srcset=\"https:\/\/nordicdesign.fi\/wp-content\/uploads\/2023\/02\/20230202_102242-1024x641.jpg 1024w, https:\/\/nordicdesign.fi\/wp-content\/uploads\/2023\/02\/20230202_102242-300x188.jpg 300w, https:\/\/nordicdesign.fi\/wp-content\/uploads\/2023\/02\/20230202_102242-768x481.jpg 768w, https:\/\/nordicdesign.fi\/wp-content\/uploads\/2023\/02\/20230202_102242-1536x962.jpg 1536w, https:\/\/nordicdesign.fi\/wp-content\/uploads\/2023\/02\/20230202_102242-2048x1282.jpg 2048w, https:\/\/nordicdesign.fi\/wp-content\/uploads\/2023\/02\/20230202_102242-600x376.jpg 600w\" sizes=\"auto, (max-width: 1024px) 100vw, 1024px\" \/><\/figure>\n","protected":false},"excerpt":{"rendered":"<p>Our office and showroom locates in Fashion Center. Close to Helsinki-Vantaa airport and easy access from Helsinki City center. Contactinfo@nordicdesign.fi AccommodationClarion Hotel Helsinki \u2013 Fashion Center\u2019s partner in accommodation. Toimistomme ja n\u00e4yttelytilamme sijaitsevat Fashion Centeriss\u00e4 Vantaalla. Fashion Center on hyvien kulkuyhteyksien p\u00e4\u00e4ss\u00e4. Tiloissamme on erinomainen mahdollisuus tutustua tuotteisiimme, olet l\u00e4mpim\u00e4sti tervetullut!<\/p>\n","protected":false},"author":1,"featured_media":0,"parent":0,"menu_order":0,"comment_status":"closed","ping_status":"closed","template":"","meta":{"footnotes":""},"class_list":["post-1077","page","type-page","status-publish"],"_links":{"self":[{"href":"https:\/\/nordicdesign.fi\/index.php?rest_route=\/wp\/v2\/pages\/1077","targetHints":{"allow":["GET"]}}],"collection":[{"href":"https:\/\/nordicdesign.fi\/index.php?rest_route=\/wp\/v2\/pages"}],"about":[{"href":"https:\/\/nordicdesign.fi\/index.php?rest_route=\/wp\/v2\/types\/page"}],"author":[{"embeddable":true,"href":"https:\/\/nordicdesign.fi\/index.php?rest_route=\/wp\/v2\/users\/1"}],"replies":[{"embeddable":true,"href":"https:\/\/nordicdesign.fi\/index.php?rest_route=%2Fwp%2Fv2%2Fcomments&post=1077"}],"version-history":[{"count":13,"href":"https:\/\/nordicdesign.fi\/index.php?rest_route=\/wp\/v2\/pages\/1077\/revisions"}],"predecessor-version":[{"id":1768,"href":"https:\/\/nordicdesign.fi\/index.php?rest_route=\/wp\/v2\/pages\/1077\/revisions\/1768"}],"wp:attachment":[{"href":"https:\/\/nordicdesign.fi\/index.php?rest_route=%2Fwp%2Fv2%2Fmedia&parent=1077"}],"curies":[{"name":"wp","href":"https:\/\/api.w.org\/{rel}","templated":true}]}}