{"id":1780,"date":"2025-11-01T16:41:58","date_gmt":"2025-11-01T14:41:58","guid":{"rendered":"https:\/\/nordicdesign.fi\/?page_id=1780"},"modified":"2025-11-01T16:44:43","modified_gmt":"2025-11-01T14:44:43","slug":"keittioliina","status":"publish","type":"page","link":"https:\/\/nordicdesign.fi\/?page_id=1780","title":{"rendered":"KEITTI\u00d6LIINAT"},"content":{"rendered":"\n<p><\/p>\n\n\n\n<h1 class=\"wp-block-heading\"><\/h1>\n\n\n\n<p>Pirist\u00e4 arkeasi kauniilla ja ymp\u00e4rist\u00f6yst\u00e4v\u00e4llisell\u00e4 design tiskiliinalla, jotka on valmistettu vastuullisesti Suomessa.<\/p>\n\n\n\n<p>Kotimainen &#8211; Kest\u00e4v\u00e4 &#8211; Konepest\u00e4v\u00e4 &#8211; Vesipohjaiset pigmenttiv\u00e4rit &#8211; Biohajoava<br>Materiaalina selluloosa-puuvillakuitu.<\/p>\n\n\n\n<p>Lis\u00e4tiedot ja tilaukset <a href=\"https:\/\/morejoy.fi\/\" target=\"_blank\" rel=\"noreferrer noopener\"><strong>MORE JOY<\/strong><\/a><\/p>\n\n\n\n<p><strong>Yhteystiedot<\/strong><br>myynti@morejoy.fi<br>+358 400 407 471<\/p>\n\n\n\n<p><\/p>\n\n\n\n<figure class=\"wp-block-gallery has-nested-images columns-default is-cropped wp-block-gallery-1 is-layout-flex wp-block-gallery-is-layout-flex\">\n<figure class=\"wp-block-image size-full\"><img loading=\"lazy\" decoding=\"async\" width=\"980\" height=\"980\" data-id=\"1790\" src=\"https:\/\/nordicdesign.fi\/wp-content\/uploads\/2025\/11\/1000025842-2.jpg\" alt=\"\" class=\"wp-image-1790\" srcset=\"https:\/\/nordicdesign.fi\/wp-content\/uploads\/2025\/11\/1000025842-2.jpg 980w, https:\/\/nordicdesign.fi\/wp-content\/uploads\/2025\/11\/1000025842-2-300x300.jpg 300w, https:\/\/nordicdesign.fi\/wp-content\/uploads\/2025\/11\/1000025842-2-150x150.jpg 150w, https:\/\/nordicdesign.fi\/wp-content\/uploads\/2025\/11\/1000025842-2-768x768.jpg 768w, https:\/\/nordicdesign.fi\/wp-content\/uploads\/2025\/11\/1000025842-2-600x600.jpg 600w, https:\/\/nordicdesign.fi\/wp-content\/uploads\/2025\/11\/1000025842-2-100x100.jpg 100w\" sizes=\"auto, (max-width: 980px) 100vw, 980px\" \/><\/figure>\n\n\n\n<figure class=\"wp-block-image size-large\"><img loading=\"lazy\" decoding=\"async\" width=\"768\" height=\"1024\" data-id=\"1788\" src=\"https:\/\/nordicdesign.fi\/wp-content\/uploads\/2025\/11\/1000025924-768x1024.jpg\" alt=\"\" class=\"wp-image-1788\" srcset=\"https:\/\/nordicdesign.fi\/wp-content\/uploads\/2025\/11\/1000025924-768x1024.jpg 768w, https:\/\/nordicdesign.fi\/wp-content\/uploads\/2025\/11\/1000025924-225x300.jpg 225w, https:\/\/nordicdesign.fi\/wp-content\/uploads\/2025\/11\/1000025924-1152x1536.jpg 1152w, https:\/\/nordicdesign.fi\/wp-content\/uploads\/2025\/11\/1000025924-1536x2048.jpg 1536w, https:\/\/nordicdesign.fi\/wp-content\/uploads\/2025\/11\/1000025924-600x800.jpg 600w, https:\/\/nordicdesign.fi\/wp-content\/uploads\/2025\/11\/1000025924-scaled.jpg 1920w\" sizes=\"auto, (max-width: 768px) 100vw, 768px\" \/><\/figure>\n\n\n\n<figure class=\"wp-block-image size-large\"><img loading=\"lazy\" decoding=\"async\" width=\"768\" height=\"1024\" data-id=\"1784\" src=\"https:\/\/nordicdesign.fi\/wp-content\/uploads\/2025\/11\/1000025931-768x1024.jpg\" alt=\"\" class=\"wp-image-1784\" srcset=\"https:\/\/nordicdesign.fi\/wp-content\/uploads\/2025\/11\/1000025931-768x1024.jpg 768w, https:\/\/nordicdesign.fi\/wp-content\/uploads\/2025\/11\/1000025931-225x300.jpg 225w, https:\/\/nordicdesign.fi\/wp-content\/uploads\/2025\/11\/1000025931-1152x1536.jpg 1152w, https:\/\/nordicdesign.fi\/wp-content\/uploads\/2025\/11\/1000025931-1536x2048.jpg 1536w, https:\/\/nordicdesign.fi\/wp-content\/uploads\/2025\/11\/1000025931-600x800.jpg 600w, https:\/\/nordicdesign.fi\/wp-content\/uploads\/2025\/11\/1000025931-scaled.jpg 1920w\" sizes=\"auto, (max-width: 768px) 100vw, 768px\" \/><\/figure>\n\n\n\n<figure class=\"wp-block-image size-large\"><img loading=\"lazy\" decoding=\"async\" width=\"768\" height=\"1024\" data-id=\"1785\" src=\"https:\/\/nordicdesign.fi\/wp-content\/uploads\/2025\/11\/1000026655-768x1024.jpg\" alt=\"\" class=\"wp-image-1785\" srcset=\"https:\/\/nordicdesign.fi\/wp-content\/uploads\/2025\/11\/1000026655-768x1024.jpg 768w, https:\/\/nordicdesign.fi\/wp-content\/uploads\/2025\/11\/1000026655-225x300.jpg 225w, https:\/\/nordicdesign.fi\/wp-content\/uploads\/2025\/11\/1000026655-1152x1536.jpg 1152w, https:\/\/nordicdesign.fi\/wp-content\/uploads\/2025\/11\/1000026655-1536x2048.jpg 1536w, https:\/\/nordicdesign.fi\/wp-content\/uploads\/2025\/11\/1000026655-600x800.jpg 600w, https:\/\/nordicdesign.fi\/wp-content\/uploads\/2025\/11\/1000026655-scaled.jpg 1920w\" sizes=\"auto, (max-width: 768px) 100vw, 768px\" \/><\/figure>\n<\/figure>\n","protected":false},"excerpt":{"rendered":"<p>Pirist\u00e4 arkeasi kauniilla ja ymp\u00e4rist\u00f6yst\u00e4v\u00e4llisell\u00e4 design tiskiliinalla, jotka on valmistettu vastuullisesti Suomessa. Kotimainen &#8211; Kest\u00e4v\u00e4 &#8211; Konepest\u00e4v\u00e4 &#8211; Vesipohjaiset pigmenttiv\u00e4rit &#8211; BiohajoavaMateriaalina selluloosa-puuvillakuitu. Lis\u00e4tiedot ja tilaukset MORE JOY Yhteystiedotmyynti@morejoy.fi+358 400 407 471<\/p>\n","protected":false},"author":1,"featured_media":0,"parent":0,"menu_order":0,"comment_status":"closed","ping_status":"closed","template":"","meta":{"footnotes":""},"class_list":["post-1780","page","type-page","status-publish"],"_links":{"self":[{"href":"https:\/\/nordicdesign.fi\/index.php?rest_route=\/wp\/v2\/pages\/1780","targetHints":{"allow":["GET"]}}],"collection":[{"href":"https:\/\/nordicdesign.fi\/index.php?rest_route=\/wp\/v2\/pages"}],"about":[{"href":"https:\/\/nordicdesign.fi\/index.php?rest_route=\/wp\/v2\/types\/page"}],"author":[{"embeddable":true,"href":"https:\/\/nordicdesign.fi\/index.php?rest_route=\/wp\/v2\/users\/1"}],"replies":[{"embeddable":true,"href":"https:\/\/nordicdesign.fi\/index.php?rest_route=%2Fwp%2Fv2%2Fcomments&post=1780"}],"version-history":[{"count":5,"href":"https:\/\/nordicdesign.fi\/index.php?rest_route=\/wp\/v2\/pages\/1780\/revisions"}],"predecessor-version":[{"id":1794,"href":"https:\/\/nordicdesign.fi\/index.php?rest_route=\/wp\/v2\/pages\/1780\/revisions\/1794"}],"wp:attachment":[{"href":"https:\/\/nordicdesign.fi\/index.php?rest_route=%2Fwp%2Fv2%2Fmedia&parent=1780"}],"curies":[{"name":"wp","href":"https:\/\/api.w.org\/{rel}","templated":true}]}}