{"id":39,"date":"2021-04-05T11:43:47","date_gmt":"2021-04-05T11:43:47","guid":{"rendered":"https:\/\/nordicdesign.fi\/?page_id=39"},"modified":"2024-11-24T17:49:39","modified_gmt":"2024-11-24T15:49:39","slug":"etusivu","status":"publish","type":"page","link":"https:\/\/nordicdesign.fi\/","title":{"rendered":""},"content":{"rendered":"\n<figure class=\"wp-block-image size-large is-resized is-style-default\"><img loading=\"lazy\" decoding=\"async\" width=\"1024\" height=\"768\" src=\"https:\/\/nordicdesign.fi\/wp-content\/uploads\/2024\/11\/20201031_113733-1024x768.jpg\" alt=\"\" class=\"wp-image-1748\" style=\"width:1120px;height:auto\" srcset=\"https:\/\/nordicdesign.fi\/wp-content\/uploads\/2024\/11\/20201031_113733-1024x768.jpg 1024w, https:\/\/nordicdesign.fi\/wp-content\/uploads\/2024\/11\/20201031_113733-300x225.jpg 300w, https:\/\/nordicdesign.fi\/wp-content\/uploads\/2024\/11\/20201031_113733-768x576.jpg 768w, https:\/\/nordicdesign.fi\/wp-content\/uploads\/2024\/11\/20201031_113733-1536x1152.jpg 1536w, https:\/\/nordicdesign.fi\/wp-content\/uploads\/2024\/11\/20201031_113733-2048x1536.jpg 2048w, https:\/\/nordicdesign.fi\/wp-content\/uploads\/2024\/11\/20201031_113733-600x450.jpg 600w\" sizes=\"auto, (max-width: 1024px) 100vw, 1024px\" \/><\/figure>\n\n\n\n<h2 class=\"wp-block-heading\"><\/h2>\n\n\n\n<p><\/p>\n\n\n\n<p class=\"has-text-align-center\"><strong>ND Nordic Design&nbsp;<\/strong>on suomalainen yritys, joka on perustettu innostuksesta pohjoismaista, kaunista ja modernia designia kohtaan.<\/p>\n\n\n\n<p class=\"has-text-align-center\"><strong>ND Nordic Design<\/strong> is a Finnish company established driven by high interest towards beautiful and modern Nordic design.\u200b<\/p>\n\n\n\n<p class=\"has-text-align-center\"><strong>ND Nordic Design<\/strong> \u00e4r ett finskt f\u00f6retag som grundats med intresse f\u00f6r modern och vacker nordisk design.<\/p>\n\n\n\n<h2 class=\"wp-block-heading\"><\/h2>\n\n\n<div class=\"wp-block-image\">\n<figure class=\"aligncenter size-large is-resized\"><img loading=\"lazy\" decoding=\"async\" width=\"717\" height=\"1024\" src=\"https:\/\/nordicdesign.fi\/wp-content\/uploads\/2023\/01\/avainlippu_sininen_rgb-717x1024.png\" alt=\"\" class=\"wp-image-1454\" style=\"width:71px;height:101px\" srcset=\"https:\/\/nordicdesign.fi\/wp-content\/uploads\/2023\/01\/avainlippu_sininen_rgb-717x1024.png 717w, https:\/\/nordicdesign.fi\/wp-content\/uploads\/2023\/01\/avainlippu_sininen_rgb-210x300.png 210w, https:\/\/nordicdesign.fi\/wp-content\/uploads\/2023\/01\/avainlippu_sininen_rgb-768x1097.png 768w, https:\/\/nordicdesign.fi\/wp-content\/uploads\/2023\/01\/avainlippu_sininen_rgb-1075x1536.png 1075w, https:\/\/nordicdesign.fi\/wp-content\/uploads\/2023\/01\/avainlippu_sininen_rgb-600x857.png 600w, https:\/\/nordicdesign.fi\/wp-content\/uploads\/2023\/01\/avainlippu_sininen_rgb.png 1240w\" sizes=\"auto, (max-width: 717px) 100vw, 717px\" \/><\/figure>\n<\/div>","protected":false},"excerpt":{"rendered":"<p>ND Nordic Design&nbsp;on suomalainen yritys, joka on perustettu innostuksesta pohjoismaista, kaunista ja modernia designia kohtaan. ND Nordic Design is a Finnish company established driven by high interest towards beautiful and modern Nordic design.\u200b ND Nordic Design \u00e4r ett finskt f\u00f6retag som grundats med intresse f\u00f6r modern och vacker nordisk design.<\/p>\n","protected":false},"author":2,"featured_media":0,"parent":0,"menu_order":0,"comment_status":"closed","ping_status":"closed","template":"","meta":{"footnotes":""},"class_list":["post-39","page","type-page","status-publish"],"_links":{"self":[{"href":"https:\/\/nordicdesign.fi\/index.php?rest_route=\/wp\/v2\/pages\/39","targetHints":{"allow":["GET"]}}],"collection":[{"href":"https:\/\/nordicdesign.fi\/index.php?rest_route=\/wp\/v2\/pages"}],"about":[{"href":"https:\/\/nordicdesign.fi\/index.php?rest_route=\/wp\/v2\/types\/page"}],"author":[{"embeddable":true,"href":"https:\/\/nordicdesign.fi\/index.php?rest_route=\/wp\/v2\/users\/2"}],"replies":[{"embeddable":true,"href":"https:\/\/nordicdesign.fi\/index.php?rest_route=%2Fwp%2Fv2%2Fcomments&post=39"}],"version-history":[{"count":22,"href":"https:\/\/nordicdesign.fi\/index.php?rest_route=\/wp\/v2\/pages\/39\/revisions"}],"predecessor-version":[{"id":1749,"href":"https:\/\/nordicdesign.fi\/index.php?rest_route=\/wp\/v2\/pages\/39\/revisions\/1749"}],"wp:attachment":[{"href":"https:\/\/nordicdesign.fi\/index.php?rest_route=%2Fwp%2Fv2%2Fmedia&parent=39"}],"curies":[{"name":"wp","href":"https:\/\/api.w.org\/{rel}","templated":true}]}}