{"id":419,"date":"2022-04-21T04:35:03","date_gmt":"2022-04-21T04:35:03","guid":{"rendered":"https:\/\/nordicdesign.fi\/?page_id=419"},"modified":"2022-07-18T06:18:19","modified_gmt":"2022-07-18T06:18:19","slug":"rekisteriseloste","status":"publish","type":"page","link":"https:\/\/nordicdesign.fi\/?page_id=419","title":{"rendered":"REKISTERISELOSTE"},"content":{"rendered":"\n<p>1. Rekisterinpit\u00e4j\u00e4<\/p>\n\n\n\n<p>ND Nordic Design<\/p>\n\n\n\n<p>2. Rekisteriasioita hoitava henkil\u00f6\/yhteystiedot<\/p>\n\n\n\n<p>info@nordicdesign.fi<\/p>\n\n\n\n<p>3. Rekisterin nimi<\/p>\n\n\n\n<p>ND Nordic Design asiakasrekisteri.<\/p>\n\n\n\n<p>4. Rekisterin k\u00e4ytt\u00f6tarkoitus<\/p>\n\n\n\n<p>Tietoja k\u00e4sitell\u00e4\u00e4n toimituksiin, laskutukseen ja maksujen perint\u00e4\u00e4n, markkinointiin, asiakassuhteen hoitamiseen ja kehitt\u00e4miseen liittyen sek\u00e4 tilastollisiin tarkoituksiin. Suoramarkkinointiin tietoja k\u00e4ytet\u00e4\u00e4n vain voimassa olevan lains\u00e4\u00e4d\u00e4nn\u00f6n mukaisesti. Asiakkaalla on oikeus kielt\u00e4\u00e4 tietojen k\u00e4ytt\u00e4minen suoramarkkinointiin ilmoittamalla siit\u00e4 ND Nordic Design:lle sek\u00e4 oikeus saada omat tiedot l\u00e4hett\u00e4m\u00e4ll\u00e4 pyynn\u00f6n info@nordicdesign.fi<br>Rekisterin hallinta ja tietojen k\u00e4sittely voidaan ulkoistaa rekisterinpit\u00e4j\u00e4n yhteisty\u00f6kumppanille, joka on sitoutunut noudattamaan t\u00e4t\u00e4 rekisteriselostetta.<\/p>\n\n\n\n<p>5. Rekisterin sis\u00e4lt\u00e4m\u00e4t tiedot<\/p>\n\n\n\n<p>Yrityksen nimi ja Y-tunnus<br>Yrityksen osoite<br>Yhteyshenkil\u00f6t<br>S\u00e4hk\u00f6postiosoitteet (yhteyshenkil\u00f6, tilaukset, laskutus)<br>Puhelinnumero<br>Tilaus- ja toimitustiedot<br>Asiakkaan ilmoittamat asiakassuhteen hoitoon ja\/tai markkinointiin liittyv\u00e4t tiedot<\/p>\n\n\n\n<p>6. Rekisterin s\u00e4\u00e4nn\u00f6nmukaiset tietol\u00e4hteet<\/p>\n\n\n\n<p>Rekisteriin ker\u00e4t\u00e4\u00e4n tilastotietoja tilauksien, yhteydenottojen ja tapaamisten yhteydess\u00e4.<\/p>\n\n\n\n<p>7. Tietojen luovutus<\/p>\n\n\n\n<p>Rekisterinpit\u00e4j\u00e4 ei luovuta tietoja ulkopuolisille lukuun ottamatta kohdassa 4 mainittua rekisterinpit\u00e4j\u00e4n yhteisty\u00f6kumppania, paitsi Suomen viranomaistoimien niin edellytt\u00e4ess\u00e4.<\/p>\n\n\n\n<p>8. Rekisterin suojauksen periaate<\/p>\n\n\n\n<p>Henkil\u00f6tiedot s\u00e4ilytet\u00e4\u00e4n luottamuksellisina. Rekisterinpit\u00e4j\u00e4n tietoj\u00e4rjestelm\u00e4 ja tiedostot on suojattu normaalisti k\u00e4yt\u00f6ss\u00e4 olevilla teknisill\u00e4 suojausmenetelmill\u00e4. Rekisterin k\u00e4ytt\u00f6oikeus edellytt\u00e4\u00e4 henkil\u00f6kohtaista k\u00e4ytt\u00e4j\u00e4tunnusta ja salasanaa jotka my\u00f6nnet\u00e4\u00e4n vain rekisterinpit\u00e4j\u00e4n henkil\u00f6kuntaan kuuluvalle ja jonka asemaan ja teht\u00e4viin mainittu k\u00e4ytt\u00f6oikeus liittyy. Rekisterinpit\u00e4j\u00e4n tilat on lukittu.<br><br>9.&nbsp; Tietojen s\u00e4ilytys<br><br>S\u00e4ilyt\u00e4mme tietoja s\u00e4hk\u00f6postiarkistossa sek\u00e4 kirjanpitoaineistossa seitsem\u00e4n vuoden ajan.<\/p>\n\n\n\n<p>10. Tietojen siirto EU:n tai ETA:n ulkopuolelle<br><br>Henkil\u00f6tietoja ei p\u00e4\u00e4s\u00e4\u00e4nt\u00f6isesti siirret\u00e4 Euroopan unionin tai Euroopan talousalueen ulkopuolelle.<\/p>\n\n\n\n<p>11. Ev\u00e4steet\/Cookies<br><br>Rekisterinpit\u00e4j\u00e4n sivuilla saatetaan k\u00e4ytt\u00e4\u00e4 ev\u00e4steit\u00e4 (Cookies) k\u00e4ytt\u00f6kokemuksen kehitt\u00e4miseksi. Ev\u00e4ste on tekstitiedosto, joka verkkosivulla k\u00e4ydess\u00e4 tallentuu k\u00e4ytt\u00e4j\u00e4n tietokoneelle. Se sis\u00e4lt\u00e4\u00e4 tietoja ja sit\u00e4 k\u00e4ytet\u00e4\u00e4n mm. markkinointiin ja sivuston kehitt\u00e4miseen. Ev\u00e4steiden avulla ker\u00e4t\u00e4\u00e4n tietoa sivujen k\u00e4yt\u00f6st\u00e4. K\u00e4ytt\u00e4j\u00e4n henkil\u00f6llisyys ei k\u00e4y ilmi ev\u00e4steiden avulla. K\u00e4ytt\u00e4j\u00e4 voi poistaa ev\u00e4steet k\u00e4yt\u00f6st\u00e4 selaimen asetuksista. Rekisterinpit\u00e4j\u00e4n ei takaa, ett\u00e4 sivusto toimii oikein ev\u00e4steiden poistamisen j\u00e4lkeen.<\/p>\n","protected":false},"excerpt":{"rendered":"<p>1. Rekisterinpit\u00e4j\u00e4 ND Nordic Design 2. Rekisteriasioita hoitava henkil\u00f6\/yhteystiedot info@nordicdesign.fi 3. Rekisterin nimi ND Nordic Design asiakasrekisteri. 4. Rekisterin k\u00e4ytt\u00f6tarkoitus Tietoja k\u00e4sitell\u00e4\u00e4n toimituksiin, laskutukseen ja maksujen perint\u00e4\u00e4n, markkinointiin, asiakassuhteen hoitamiseen ja kehitt\u00e4miseen liittyen sek\u00e4 tilastollisiin tarkoituksiin. Suoramarkkinointiin tietoja k\u00e4ytet\u00e4\u00e4n vain voimassa olevan lains\u00e4\u00e4d\u00e4nn\u00f6n mukaisesti. Asiakkaalla on oikeus kielt\u00e4\u00e4 tietojen k\u00e4ytt\u00e4minen suoramarkkinointiin ilmoittamalla siit\u00e4 ND Nordic &#8230; <a title=\"REKISTERISELOSTE\" class=\"read-more\" href=\"https:\/\/nordicdesign.fi\/?page_id=419\" aria-label=\"Read more about REKISTERISELOSTE\">Read more<\/a><\/p>\n","protected":false},"author":1,"featured_media":0,"parent":0,"menu_order":0,"comment_status":"closed","ping_status":"closed","template":"","meta":{"footnotes":""},"class_list":["post-419","page","type-page","status-publish"],"_links":{"self":[{"href":"https:\/\/nordicdesign.fi\/index.php?rest_route=\/wp\/v2\/pages\/419","targetHints":{"allow":["GET"]}}],"collection":[{"href":"https:\/\/nordicdesign.fi\/index.php?rest_route=\/wp\/v2\/pages"}],"about":[{"href":"https:\/\/nordicdesign.fi\/index.php?rest_route=\/wp\/v2\/types\/page"}],"author":[{"embeddable":true,"href":"https:\/\/nordicdesign.fi\/index.php?rest_route=\/wp\/v2\/users\/1"}],"replies":[{"embeddable":true,"href":"https:\/\/nordicdesign.fi\/index.php?rest_route=%2Fwp%2Fv2%2Fcomments&post=419"}],"version-history":[{"count":3,"href":"https:\/\/nordicdesign.fi\/index.php?rest_route=\/wp\/v2\/pages\/419\/revisions"}],"predecessor-version":[{"id":932,"href":"https:\/\/nordicdesign.fi\/index.php?rest_route=\/wp\/v2\/pages\/419\/revisions\/932"}],"wp:attachment":[{"href":"https:\/\/nordicdesign.fi\/index.php?rest_route=%2Fwp%2Fv2%2Fmedia&parent=419"}],"curies":[{"name":"wp","href":"https:\/\/api.w.org\/{rel}","templated":true}]}}